{"id":2,"date":"2014-01-07T23:40:46","date_gmt":"2014-01-07T23:40:46","guid":{"rendered":"http:\/\/kunden.krinn-edv.de\/schreiner_a\/?page_id=2"},"modified":"2023-07-31T12:34:50","modified_gmt":"2023-07-31T10:34:50","slug":"beispiel-seite","status":"publish","type":"page","link":"http:\/\/krinn-edv.de\/puzzles-online\/","title":{"rendered":"Startseite"},"content":{"rendered":"\n\t\t<!-- MasterSlider -->\n\t\t<div id=\"P_MS65648317347e1\" class=\"master-slider-parent msl ms-parent-id-1\" style=\"max-width:680px;\"  >\n\n\t\t\t\n\t\t\t<!-- MasterSlider Main -->\n\t\t\t<div id=\"MS65648317347e1\" class=\"master-slider ms-skin-light-6 round-skin\" >\n\t\t\t\t \t\t\t\t \n\t\t\t\t<div  class=\"ms-slide\" data-delay=\"3\" data-fill-mode=\"fill\"  >\n\t\t\t\t\t<img src=\"https:\/\/krinn-edv.de\/puzzles-online\/wp-content\/plugins\/master-slider\/public\/assets\/css\/blank.gif\" alt=\"\" title=\"\" data-src=\"https:\/\/krinn-edv.de\/puzzles-online\/wp-content\/uploads\/2015\/08\/IMG_001-800x480.jpg\" \/>\n\n\n\t<img class=\"ms-thumb\" src=\"https:\/\/krinn-edv.de\/puzzles-online\/wp-content\/uploads\/2015\/08\/IMG_001-100x80.jpg\" alt=\"\" \/>\n\t<div class=\"ms-thumb\" ><div class=\"ms-tab-context\"><div class=&quot;ms-tab-context&quot;><\/div><\/div>\n<\/div>\n\t\t\t\t<\/div>\n\t\t\t\t<div  class=\"ms-slide\" data-delay=\"3\" data-fill-mode=\"fill\"  >\n\t\t\t\t\t<img src=\"https:\/\/krinn-edv.de\/puzzles-online\/wp-content\/plugins\/master-slider\/public\/assets\/css\/blank.gif\" alt=\"\" title=\"\" data-src=\"https:\/\/krinn-edv.de\/puzzles-online\/wp-content\/uploads\/2015\/08\/IMG_0067-800x480.jpg\" \/>\n\n\n\t<img class=\"ms-thumb\" src=\"https:\/\/krinn-edv.de\/puzzles-online\/wp-content\/uploads\/2015\/08\/IMG_0067-100x80.jpg\" alt=\"\" \/>\n\t<div class=\"ms-thumb\" ><div class=\"ms-tab-context\"><div class=&quot;ms-tab-context&quot;><\/div><\/div>\n<\/div>\n\t\t\t\t<\/div>\n\t\t\t\t<div  class=\"ms-slide\" data-delay=\"3\" data-fill-mode=\"fill\"  >\n\t\t\t\t\t<img src=\"https:\/\/krinn-edv.de\/puzzles-online\/wp-content\/plugins\/master-slider\/public\/assets\/css\/blank.gif\" alt=\"\" title=\"\" data-src=\"https:\/\/krinn-edv.de\/puzzles-online\/wp-content\/uploads\/2015\/08\/IMG_0078-800x480.jpg\" \/>\n\n\n\t<img class=\"ms-thumb\" src=\"https:\/\/krinn-edv.de\/puzzles-online\/wp-content\/uploads\/2015\/08\/IMG_0078-100x80.jpg\" alt=\"\" \/>\n\t<div class=\"ms-thumb\" ><div class=\"ms-tab-context\"><div class=&quot;ms-tab-context&quot;><\/div><\/div>\n<\/div>\n\t\t\t\t<\/div>\n\t\t\t\t<div  class=\"ms-slide\" data-delay=\"3\" data-fill-mode=\"fill\"  >\n\t\t\t\t\t<img src=\"https:\/\/krinn-edv.de\/puzzles-online\/wp-content\/plugins\/master-slider\/public\/assets\/css\/blank.gif\" alt=\"\" title=\"\" data-src=\"https:\/\/krinn-edv.de\/puzzles-online\/wp-content\/uploads\/2015\/08\/IMG_0081-800x480.jpg\" \/>\n\n\n\t<img class=\"ms-thumb\" src=\"https:\/\/krinn-edv.de\/puzzles-online\/wp-content\/uploads\/2015\/08\/IMG_0081-100x80.jpg\" alt=\"\" \/>\n\t<div class=\"ms-thumb\" ><div class=\"ms-tab-context\"><div class=&quot;ms-tab-context&quot;><\/div><\/div>\n<\/div>\n\t\t\t\t<\/div>\n\t\t\t\t<div  class=\"ms-slide\" data-delay=\"3\" data-fill-mode=\"fill\"  >\n\t\t\t\t\t<img src=\"https:\/\/krinn-edv.de\/puzzles-online\/wp-content\/plugins\/master-slider\/public\/assets\/css\/blank.gif\" alt=\"\" title=\"\" data-src=\"https:\/\/krinn-edv.de\/puzzles-online\/wp-content\/uploads\/2018\/09\/IMG_0150-800x480.png\" \/>\n\n\n\t<img class=\"ms-thumb\" src=\"https:\/\/krinn-edv.de\/puzzles-online\/wp-content\/uploads\/2018\/09\/IMG_0150-100x80.png\" alt=\"\" \/>\n\t<div class=\"ms-thumb\" ><div class=\"ms-tab-context\"><div class=&quot;ms-tab-context&quot;><\/div><\/div>\n<\/div>\n\t\t\t\t<\/div>\n\t\t\t\t<div  class=\"ms-slide\" data-delay=\"3\" data-fill-mode=\"fill\"  >\n\t\t\t\t\t<img src=\"https:\/\/krinn-edv.de\/puzzles-online\/wp-content\/plugins\/master-slider\/public\/assets\/css\/blank.gif\" alt=\"\" title=\"\" data-src=\"https:\/\/krinn-edv.de\/puzzles-online\/wp-content\/uploads\/2018\/09\/IMG_0144-800x480.png\" \/>\n\n\n\t<img class=\"ms-thumb\" src=\"https:\/\/krinn-edv.de\/puzzles-online\/wp-content\/uploads\/2018\/09\/IMG_0144-100x80.png\" alt=\"\" \/>\n\t<div class=\"ms-thumb\" ><div class=\"ms-tab-context\"><div class=&quot;ms-tab-context&quot;><\/div><\/div>\n<\/div>\n\t\t\t\t<\/div>\n\t\t\t\t<div  class=\"ms-slide\" data-delay=\"3\" data-fill-mode=\"fill\"  >\n\t\t\t\t\t<img src=\"https:\/\/krinn-edv.de\/puzzles-online\/wp-content\/plugins\/master-slider\/public\/assets\/css\/blank.gif\" alt=\"\" title=\"\" data-src=\"https:\/\/krinn-edv.de\/puzzles-online\/wp-content\/uploads\/2018\/09\/IMG_0140-800x480.png\" \/>\n\n\n\t<img class=\"ms-thumb\" src=\"https:\/\/krinn-edv.de\/puzzles-online\/wp-content\/uploads\/2018\/09\/IMG_0140-100x80.png\" alt=\"\" \/>\n\t<div class=\"ms-thumb\" ><div class=\"ms-tab-context\"><div class=&quot;ms-tab-context&quot;><\/div><\/div>\n<\/div>\n\t\t\t\t<\/div>\n\t\t\t\t<div  class=\"ms-slide\" data-delay=\"3\" data-fill-mode=\"fill\"  >\n\t\t\t\t\t<img src=\"https:\/\/krinn-edv.de\/puzzles-online\/wp-content\/plugins\/master-slider\/public\/assets\/css\/blank.gif\" alt=\"\" title=\"\" data-src=\"https:\/\/krinn-edv.de\/puzzles-online\/wp-content\/uploads\/2018\/09\/IMG_0137-800x480.png\" \/>\n\n\n\t<img class=\"ms-thumb\" src=\"https:\/\/krinn-edv.de\/puzzles-online\/wp-content\/uploads\/2018\/09\/IMG_0137-100x80.png\" alt=\"\" \/>\n\t<div class=\"ms-thumb\" ><div class=\"ms-tab-context\"><div class=&quot;ms-tab-context&quot;><\/div><\/div>\n<\/div>\n\t\t\t\t<\/div>\n\t\t\t\t<div  class=\"ms-slide\" data-delay=\"3\" data-fill-mode=\"fill\"  >\n\t\t\t\t\t<img src=\"https:\/\/krinn-edv.de\/puzzles-online\/wp-content\/plugins\/master-slider\/public\/assets\/css\/blank.gif\" alt=\"\" title=\"\" data-src=\"https:\/\/krinn-edv.de\/puzzles-online\/wp-content\/uploads\/2018\/09\/IMG_0136-800x480.png\" \/>\n\n\n\t<img class=\"ms-thumb\" src=\"https:\/\/krinn-edv.de\/puzzles-online\/wp-content\/uploads\/2018\/09\/IMG_0136-100x80.png\" alt=\"\" \/>\n\t<div class=\"ms-thumb\" ><div class=\"ms-tab-context\"><div class=&quot;ms-tab-context&quot;><\/div><\/div>\n<\/div>\n\t\t\t\t<\/div>\n\t\t\t\t<div  class=\"ms-slide\" data-delay=\"3\" data-fill-mode=\"fill\"  >\n\t\t\t\t\t<img src=\"https:\/\/krinn-edv.de\/puzzles-online\/wp-content\/plugins\/master-slider\/public\/assets\/css\/blank.gif\" alt=\"\" title=\"\" data-src=\"https:\/\/krinn-edv.de\/puzzles-online\/wp-content\/uploads\/2018\/09\/IMG_0133-800x480.png\" \/>\n\n\n\t<img class=\"ms-thumb\" src=\"https:\/\/krinn-edv.de\/puzzles-online\/wp-content\/uploads\/2018\/09\/IMG_0133-100x80.png\" alt=\"\" \/>\n\t<div class=\"ms-thumb\" ><div class=\"ms-tab-context\"><div class=&quot;ms-tab-context&quot;><\/div><\/div>\n<\/div>\n\t\t\t\t<\/div>\n\t\t\t\t<div  class=\"ms-slide\" data-delay=\"3\" data-fill-mode=\"fill\"  >\n\t\t\t\t\t<img src=\"https:\/\/krinn-edv.de\/puzzles-online\/wp-content\/plugins\/master-slider\/public\/assets\/css\/blank.gif\" alt=\"\" title=\"\" data-src=\"https:\/\/krinn-edv.de\/puzzles-online\/wp-content\/uploads\/2018\/09\/IMG_0132-800x480.png\" \/>\n\n\n\t<img class=\"ms-thumb\" src=\"https:\/\/krinn-edv.de\/puzzles-online\/wp-content\/uploads\/2018\/09\/IMG_0132-100x80.png\" alt=\"\" \/>\n\t<div class=\"ms-thumb\" ><div class=\"ms-tab-context\"><div class=&quot;ms-tab-context&quot;><\/div><\/div>\n<\/div>\n\t\t\t\t<\/div>\n\t\t\t\t<div  class=\"ms-slide\" data-delay=\"3\" data-fill-mode=\"fill\"  >\n\t\t\t\t\t<img src=\"https:\/\/krinn-edv.de\/puzzles-online\/wp-content\/plugins\/master-slider\/public\/assets\/css\/blank.gif\" alt=\"\" title=\"\" data-src=\"https:\/\/krinn-edv.de\/puzzles-online\/wp-content\/uploads\/2018\/09\/IMG_0131-800x480.png\" \/>\n\n\n\t<img class=\"ms-thumb\" src=\"https:\/\/krinn-edv.de\/puzzles-online\/wp-content\/uploads\/2018\/09\/IMG_0131-100x80.png\" alt=\"\" \/>\n\t<div class=\"ms-thumb\" ><div class=\"ms-tab-context\"><div class=&quot;ms-tab-context&quot;><\/div><\/div>\n<\/div>\n\t\t\t\t<\/div>\n\t\t\t\t<div  class=\"ms-slide\" data-delay=\"3\" data-fill-mode=\"fill\"  >\n\t\t\t\t\t<img src=\"https:\/\/krinn-edv.de\/puzzles-online\/wp-content\/plugins\/master-slider\/public\/assets\/css\/blank.gif\" alt=\"\" title=\"\" data-src=\"https:\/\/krinn-edv.de\/puzzles-online\/wp-content\/uploads\/2018\/09\/IMG_0130-800x480.png\" \/>\n\n\n\t<img class=\"ms-thumb\" src=\"https:\/\/krinn-edv.de\/puzzles-online\/wp-content\/uploads\/2018\/09\/IMG_0130-100x80.png\" alt=\"\" \/>\n\t<div class=\"ms-thumb\" ><div class=\"ms-tab-context\"><div class=&quot;ms-tab-context&quot;><\/div><\/div>\n<\/div>\n\t\t\t\t<\/div>\n\t\t\t\t<div  class=\"ms-slide\" data-delay=\"3\" data-fill-mode=\"fill\"  >\n\t\t\t\t\t<img src=\"https:\/\/krinn-edv.de\/puzzles-online\/wp-content\/plugins\/master-slider\/public\/assets\/css\/blank.gif\" alt=\"\" title=\"\" data-src=\"https:\/\/krinn-edv.de\/puzzles-online\/wp-content\/uploads\/2015\/08\/IMG_0111-800x480.jpg\" \/>\n\n\n\t<img class=\"ms-thumb\" src=\"https:\/\/krinn-edv.de\/puzzles-online\/wp-content\/uploads\/2015\/08\/IMG_0111-100x80.jpg\" alt=\"\" \/>\n\t<div class=\"ms-thumb\" ><div class=\"ms-tab-context\"><div class=&quot;ms-tab-context&quot;><\/div><\/div>\n<\/div>\n\t\t\t\t<\/div>\n\t\t\t\t<div  class=\"ms-slide\" data-delay=\"3\" data-fill-mode=\"fill\"  >\n\t\t\t\t\t<img src=\"https:\/\/krinn-edv.de\/puzzles-online\/wp-content\/plugins\/master-slider\/public\/assets\/css\/blank.gif\" alt=\"\" title=\"\" data-src=\"https:\/\/krinn-edv.de\/puzzles-online\/wp-content\/uploads\/2015\/08\/IMG_0116-800x480.jpg\" \/>\n\n\n\t<img class=\"ms-thumb\" src=\"https:\/\/krinn-edv.de\/puzzles-online\/wp-content\/uploads\/2015\/08\/IMG_0116-100x80.jpg\" alt=\"\" \/>\n\t<div class=\"ms-thumb\" ><div class=\"ms-tab-context\"><div class=&quot;ms-tab-context&quot;><\/div><\/div>\n<\/div>\n\t\t\t\t<\/div>\n\t\t\t\t<div  class=\"ms-slide\" data-delay=\"3\" data-fill-mode=\"fill\"  >\n\t\t\t\t\t<img src=\"https:\/\/krinn-edv.de\/puzzles-online\/wp-content\/plugins\/master-slider\/public\/assets\/css\/blank.gif\" alt=\"\" title=\"\" data-src=\"https:\/\/krinn-edv.de\/puzzles-online\/wp-content\/uploads\/2015\/08\/IMG_0120-800x480.jpg\" \/>\n\n\n\t<img class=\"ms-thumb\" src=\"https:\/\/krinn-edv.de\/puzzles-online\/wp-content\/uploads\/2015\/08\/IMG_0120-100x80.jpg\" alt=\"\" \/>\n\t<div class=\"ms-thumb\" ><div class=\"ms-tab-context\"><div class=&quot;ms-tab-context&quot;><\/div><\/div>\n<\/div>\n\t\t\t\t<\/div>\n\t\t\t\t<div  class=\"ms-slide\" data-delay=\"3\" data-fill-mode=\"fill\"  >\n\t\t\t\t\t<img src=\"https:\/\/krinn-edv.de\/puzzles-online\/wp-content\/plugins\/master-slider\/public\/assets\/css\/blank.gif\" alt=\"\" title=\"\" data-src=\"https:\/\/krinn-edv.de\/puzzles-online\/wp-content\/uploads\/2015\/08\/IMG_0122-800x480.jpg\" \/>\n\n\n\t<img class=\"ms-thumb\" src=\"https:\/\/krinn-edv.de\/puzzles-online\/wp-content\/uploads\/2015\/08\/IMG_0122-100x80.jpg\" alt=\"\" \/>\n\t<div class=\"ms-thumb\" ><div class=\"ms-tab-context\"><div class=&quot;ms-tab-context&quot;><\/div><\/div>\n<\/div>\n\t\t\t\t<\/div>\n\n\t\t\t<\/div>\n\t\t\t<!-- END MasterSlider Main -->\n\n\t\t\t \n\t\t<\/div>\n\t\t<!-- END MasterSlider -->\n\n\t\t<script>\n\t\t(function ( $ ) {\n\t\t\t\"use strict\";\n\n\t\t\t$(function () {\n\t\t\t\tvar masterslider_47e1 = new MasterSlider();\n\n\t\t\t\t\/\/ slider controls\n\n\t\t\t\tmasterslider_47e1.control('thumblist'  ,{ autohide:false, overVideo:true, dir:'v', speed:17, inset:false, arrows:false, hover:false, customClass:'', align:'right',type:'thumbs', margin:1, width:100, height:80, space:1, fillMode:'fill'  });\n\t\t\t\tmasterslider_47e1.control('scrollbar'  ,{ autohide:true, overVideo:true, dir:'h', inset:true, align:'top', color:'#404040' , margin:10  , width:4 });\n\t\t\t\t\/\/ slider setup\n\t\t\t\tmasterslider_47e1.setup(\"MS65648317347e1\", {\n\t\t\t\t\t\twidth           : 800,\n\t\t\t\t\t\theight          : 480,\n\t\t\t\t\t\tminHeight       : 0,\n\t\t\t\t\t\tspace           : 0,\n\t\t\t\t\t\tstart           : 1,\n\t\t\t\t\t\tgrabCursor      : true,\n\t\t\t\t\t\tswipe           : true,\n\t\t\t\t\t\tmouse           : true,\n\t\t\t\t\t\tlayout          : \"boxed\",\n\t\t\t\t\t\twheel           : false,\n\t\t\t\t\t\tautoplay        : true,\n\t\t\t\t\t\tinstantStartLayers:false,\n\t\t\t\t\t\tloop            : true,\n\t\t\t\t\t\tshuffle         : false,\n\t\t\t\t\t\tpreload         : 0,\n\t\t\t\t\t\theightLimit     : true,\n\t\t\t\t\t\tautoHeight      : true,\n\t\t\t\t\t\tsmoothHeight    : true,\n\t\t\t\t\t\tendPause        : false,\n\t\t\t\t\t\toverPause       : true,\n\t\t\t\t\t\tfillMode        : \"fill\",\n\t\t\t\t\t\tcenterControls  : false,\n\t\t\t\t\t\tstartOnAppear   : false,\n\t\t\t\t\t\tlayersMode      : \"center\",\n\t\t\t\t\t\thideLayers      : false,\n\t\t\t\t\t\tfullscreenMargin: 0,\n\t\t\t\t\t\tspeed           : 20,\n\t\t\t\t\t\tdir             : \"h\",\n\t\t\t\t\t\tparallaxMode    : 'swipe',\n\t\t\t\t\t\tview            : \"basic\"\n\t\t\t\t});\n\n\t\t\t\t\n\t\t\t\twindow.masterslider_instances = window.masterslider_instances || [];\n\t\t\t\twindow.masterslider_instances.push( masterslider_47e1 );\n\t\t\t });\n\n\t\t})(jQuery);\n\t\t<\/script>\n\n\n<h1>Das Puzzlesteam heisst Sie herzlich willkommen!<\/h1>\n<p>In einer rustikal &#8211; gem\u00fctlichen Atmosph\u00e4re ist unser Name Programm.<\/p>\n<p><strong>Sie<\/strong> stellen sich ihr Men\u00fc selbst zusammen und <strong>wir<\/strong> achten bei der Zubereitung besonders auf die Verwendung von qualitativ hochwertigen und heimischen Produkten.<\/p>\n<p>Ob Geburtstag, Taufe, Hochzeit oder Jubil\u00e4um, wir bieten auf ca. 100 qm ein, auf Ihre W\u00fcnsche abgestimmtes Ambiente.<\/p>\n<p>Ob a\u00b4la carte oder Buffet wir finden gemeinsam das Richtige f\u00fcr Ihre Feier.<\/p>\n<p><em><strong>Sprechen Sie uns einfach an.<\/strong><\/em><\/p>\n","protected":false},"excerpt":{"rendered":"<p>Das Puzzlesteam heisst Sie herzlich willkommen! In einer rustikal &#8211; gem\u00fctlichen Atmosph\u00e4re ist unser Name Programm. Sie stellen sich ihr Men\u00fc selbst zusammen und wir achten bei der Zubereitung besonders <a href=\"http:\/\/krinn-edv.de\/puzzles-online\/\" class=\"more-link\">[&hellip;]<\/a><\/p>\n","protected":false},"author":1,"featured_media":0,"parent":0,"menu_order":0,"comment_status":"closed","ping_status":"closed","template":"","meta":{"ngg_post_thumbnail":0,"Layout":""},"_links":{"self":[{"href":"http:\/\/krinn-edv.de\/puzzles-online\/wp-json\/wp\/v2\/pages\/2"}],"collection":[{"href":"http:\/\/krinn-edv.de\/puzzles-online\/wp-json\/wp\/v2\/pages"}],"about":[{"href":"http:\/\/krinn-edv.de\/puzzles-online\/wp-json\/wp\/v2\/types\/page"}],"author":[{"embeddable":true,"href":"http:\/\/krinn-edv.de\/puzzles-online\/wp-json\/wp\/v2\/users\/1"}],"replies":[{"embeddable":true,"href":"http:\/\/krinn-edv.de\/puzzles-online\/wp-json\/wp\/v2\/comments?post=2"}],"version-history":[{"count":4,"href":"http:\/\/krinn-edv.de\/puzzles-online\/wp-json\/wp\/v2\/pages\/2\/revisions"}],"predecessor-version":[{"id":1366,"href":"http:\/\/krinn-edv.de\/puzzles-online\/wp-json\/wp\/v2\/pages\/2\/revisions\/1366"}],"wp:attachment":[{"href":"http:\/\/krinn-edv.de\/puzzles-online\/wp-json\/wp\/v2\/media?parent=2"}],"curies":[{"name":"wp","href":"https:\/\/api.w.org\/{rel}","templated":true}]}}