{"id":123,"date":"2015-07-22T16:57:25","date_gmt":"2015-07-22T14:57:25","guid":{"rendered":"http:\/\/kunden.krinn-edv.de\/schreiner_a\/?page_id=123"},"modified":"2025-11-05T14:04:33","modified_gmt":"2025-11-05T12:04:33","slug":"biergarten","status":"publish","type":"page","link":"http:\/\/krinn-edv.de\/puzzles-online\/biergarten\/","title":{"rendered":"Biergarten"},"content":{"rendered":"<h1>Der Biergarten ist zur Zeit geschlossen.<\/h1>\n\n\t\t<!-- MasterSlider -->\n\t\t<div id=\"P_MS5b9fabbf0adad\" class=\"master-slider-parent msl ms-parent-id-8\" style=\"max-width:680px;\"  >\n\n\t\t\t\n\t\t\t<!-- MasterSlider Main -->\n\t\t\t<div id=\"MS5b9fabbf0adad\" class=\"master-slider ms-skin-light-6 round-skin\" >\n\t\t\t\t \t\t\t\t \n\t\t\t\t<div  class=\"ms-slide\" data-delay=\"3\" data-fill-mode=\"fill\"  >\n\t\t\t\t\t<img src=\"http:\/\/krinn-edv.de\/puzzles-online\/wp-content\/plugins\/master-slider\/public\/assets\/css\/blank.gif\" alt=\"\" title=\"\" data-src=\"http:\/\/krinn-edv.de\/puzzles-online\/wp-content\/uploads\/2018\/09\/IMG_0146-800x480.png\" \/>\n\n\n\t<img class=\"ms-thumb\" src=\"http:\/\/krinn-edv.de\/puzzles-online\/wp-content\/uploads\/2018\/09\/IMG_0146-100x80.png\" alt=\"\" \/>\n\t<div class=\"ms-thumb\" ><div class=\"ms-tab-context\"><div class=&quot;ms-tab-context&quot;><\/div><\/div>\n<\/div>\n\t\t\t\t<\/div>\n\t\t\t\t<div  class=\"ms-slide\" data-delay=\"3\" data-fill-mode=\"fill\"  >\n\t\t\t\t\t<img src=\"http:\/\/krinn-edv.de\/puzzles-online\/wp-content\/plugins\/master-slider\/public\/assets\/css\/blank.gif\" alt=\"\" title=\"\" data-src=\"http:\/\/krinn-edv.de\/puzzles-online\/wp-content\/uploads\/2018\/08\/IMG_0100-800x480.png\" \/>\n\n\n\t<img class=\"ms-thumb\" src=\"http:\/\/krinn-edv.de\/puzzles-online\/wp-content\/uploads\/2018\/08\/IMG_0100-100x80.png\" alt=\"\" \/>\n\t<div class=\"ms-thumb\" ><div class=\"ms-tab-context\"><div class=&quot;ms-tab-context&quot;><\/div><\/div>\n<\/div>\n\t\t\t\t<\/div>\n\t\t\t\t<div  class=\"ms-slide\" data-delay=\"3\" data-fill-mode=\"fill\"  >\n\t\t\t\t\t<img src=\"http:\/\/krinn-edv.de\/puzzles-online\/wp-content\/plugins\/master-slider\/public\/assets\/css\/blank.gif\" alt=\"\" title=\"\" data-src=\"http:\/\/krinn-edv.de\/puzzles-online\/wp-content\/uploads\/2018\/08\/IMG_0117-1-800x480.png\" \/>\n\n\n\t<img class=\"ms-thumb\" src=\"http:\/\/krinn-edv.de\/puzzles-online\/wp-content\/uploads\/2018\/08\/IMG_0117-1-100x80.png\" alt=\"\" \/>\n\t<div class=\"ms-thumb\" ><div class=\"ms-tab-context\"><div class=&quot;ms-tab-context&quot;><\/div><\/div>\n<\/div>\n\t\t\t\t<\/div>\n\t\t\t\t<div  class=\"ms-slide\" data-delay=\"3\" data-fill-mode=\"fill\"  >\n\t\t\t\t\t<img src=\"http:\/\/krinn-edv.de\/puzzles-online\/wp-content\/plugins\/master-slider\/public\/assets\/css\/blank.gif\" alt=\"\" title=\"\" data-src=\"http:\/\/krinn-edv.de\/puzzles-online\/wp-content\/uploads\/2018\/09\/IMG_0150-800x480.png\" \/>\n\n\n\t<img class=\"ms-thumb\" src=\"http:\/\/krinn-edv.de\/puzzles-online\/wp-content\/uploads\/2018\/09\/IMG_0150-100x80.png\" alt=\"\" \/>\n\t<div class=\"ms-thumb\" ><div class=\"ms-tab-context\"><div class=&quot;ms-tab-context&quot;><\/div><\/div>\n<\/div>\n\t\t\t\t<\/div>\n\t\t\t\t<div  class=\"ms-slide\" data-delay=\"3\" data-fill-mode=\"fill\"  >\n\t\t\t\t\t<img src=\"http:\/\/krinn-edv.de\/puzzles-online\/wp-content\/plugins\/master-slider\/public\/assets\/css\/blank.gif\" alt=\"\" title=\"\" data-src=\"http:\/\/krinn-edv.de\/puzzles-online\/wp-content\/uploads\/2018\/09\/IMG_0144-800x480.png\" \/>\n\n\n\t<img class=\"ms-thumb\" src=\"http:\/\/krinn-edv.de\/puzzles-online\/wp-content\/uploads\/2018\/09\/IMG_0144-100x80.png\" alt=\"\" \/>\n\t<div class=\"ms-thumb\" ><div class=\"ms-tab-context\"><div class=&quot;ms-tab-context&quot;><\/div><\/div>\n<\/div>\n\t\t\t\t<\/div>\n\t\t\t\t<div  class=\"ms-slide\" data-delay=\"3\" data-fill-mode=\"fill\"  >\n\t\t\t\t\t<img src=\"http:\/\/krinn-edv.de\/puzzles-online\/wp-content\/plugins\/master-slider\/public\/assets\/css\/blank.gif\" alt=\"\" title=\"\" data-src=\"http:\/\/krinn-edv.de\/puzzles-online\/wp-content\/uploads\/2018\/09\/IMG_0130-800x480.png\" \/>\n\n\n\t<img class=\"ms-thumb\" src=\"http:\/\/krinn-edv.de\/puzzles-online\/wp-content\/uploads\/2018\/09\/IMG_0130-100x80.png\" alt=\"\" \/>\n\t<div class=\"ms-thumb\" ><div class=\"ms-tab-context\"><div class=&quot;ms-tab-context&quot;><\/div><\/div>\n<\/div>\n\t\t\t\t<\/div>\n\t\t\t\t<div  class=\"ms-slide\" data-delay=\"3\" data-fill-mode=\"fill\"  >\n\t\t\t\t\t<img src=\"http:\/\/krinn-edv.de\/puzzles-online\/wp-content\/plugins\/master-slider\/public\/assets\/css\/blank.gif\" alt=\"\" title=\"\" data-src=\"http:\/\/krinn-edv.de\/puzzles-online\/wp-content\/uploads\/2018\/09\/IMG_0132-800x480.png\" \/>\n\n\n\t<img class=\"ms-thumb\" src=\"http:\/\/krinn-edv.de\/puzzles-online\/wp-content\/uploads\/2018\/09\/IMG_0132-100x80.png\" alt=\"\" \/>\n\t<div class=\"ms-thumb\" ><div class=\"ms-tab-context\"><div class=&quot;ms-tab-context&quot;><\/div><\/div>\n<\/div>\n\t\t\t\t<\/div>\n\t\t\t\t<div  class=\"ms-slide\" data-delay=\"3\" data-fill-mode=\"fill\"  >\n\t\t\t\t\t<img src=\"http:\/\/krinn-edv.de\/puzzles-online\/wp-content\/plugins\/master-slider\/public\/assets\/css\/blank.gif\" alt=\"\" title=\"\" data-src=\"http:\/\/krinn-edv.de\/puzzles-online\/wp-content\/uploads\/2018\/09\/IMG_0131-800x480.png\" \/>\n\n\n\t<img class=\"ms-thumb\" src=\"http:\/\/krinn-edv.de\/puzzles-online\/wp-content\/uploads\/2018\/09\/IMG_0131-100x80.png\" alt=\"\" \/>\n\t<div class=\"ms-thumb\" ><div class=\"ms-tab-context\"><div class=&quot;ms-tab-context&quot;><\/div><\/div>\n<\/div>\n\t\t\t\t<\/div>\n\t\t\t\t<div  class=\"ms-slide\" data-delay=\"3\" data-fill-mode=\"fill\"  >\n\t\t\t\t\t<img src=\"http:\/\/krinn-edv.de\/puzzles-online\/wp-content\/plugins\/master-slider\/public\/assets\/css\/blank.gif\" alt=\"\" title=\"\" data-src=\"http:\/\/krinn-edv.de\/puzzles-online\/wp-content\/uploads\/2018\/08\/IMG_0108-800x480.png\" \/>\n\n\n\t<img class=\"ms-thumb\" src=\"http:\/\/krinn-edv.de\/puzzles-online\/wp-content\/uploads\/2018\/08\/IMG_0108-100x80.png\" alt=\"\" \/>\n\t<div class=\"ms-thumb\" ><div class=\"ms-tab-context\"><div class=&quot;ms-tab-context&quot;><\/div><\/div>\n<\/div>\n\t\t\t\t<\/div>\n\t\t\t\t<div  class=\"ms-slide\" data-delay=\"3\" data-fill-mode=\"fill\"  >\n\t\t\t\t\t<img src=\"http:\/\/krinn-edv.de\/puzzles-online\/wp-content\/plugins\/master-slider\/public\/assets\/css\/blank.gif\" alt=\"\" title=\"\" data-src=\"http:\/\/krinn-edv.de\/puzzles-online\/wp-content\/uploads\/2018\/09\/IMG_0133-800x480.png\" \/>\n\n\n\t<img class=\"ms-thumb\" src=\"http:\/\/krinn-edv.de\/puzzles-online\/wp-content\/uploads\/2018\/09\/IMG_0133-100x80.png\" alt=\"\" \/>\n\t<div class=\"ms-thumb\" ><div class=\"ms-tab-context\"><div class=&quot;ms-tab-context&quot;><\/div><\/div>\n<\/div>\n\t\t\t\t<\/div>\n\t\t\t\t<div  class=\"ms-slide\" data-delay=\"3\" data-fill-mode=\"fill\"  >\n\t\t\t\t\t<img src=\"http:\/\/krinn-edv.de\/puzzles-online\/wp-content\/plugins\/master-slider\/public\/assets\/css\/blank.gif\" alt=\"\" title=\"\" data-src=\"http:\/\/krinn-edv.de\/puzzles-online\/wp-content\/uploads\/2018\/08\/IMG_0118-800x480.png\" \/>\n\n\n\t<img class=\"ms-thumb\" src=\"http:\/\/krinn-edv.de\/puzzles-online\/wp-content\/uploads\/2018\/08\/IMG_0118-100x80.png\" alt=\"\" \/>\n\t<div class=\"ms-thumb\" ><div class=\"ms-tab-context\"><div class=&quot;ms-tab-context&quot;><\/div><\/div>\n<\/div>\n\t\t\t\t<\/div>\n\t\t\t\t<div  class=\"ms-slide\" data-delay=\"3\" data-fill-mode=\"fill\"  >\n\t\t\t\t\t<img src=\"http:\/\/krinn-edv.de\/puzzles-online\/wp-content\/plugins\/master-slider\/public\/assets\/css\/blank.gif\" alt=\"\" title=\"\" data-src=\"http:\/\/krinn-edv.de\/puzzles-online\/wp-content\/uploads\/2018\/09\/IMG_0140-800x480.png\" \/>\n\n\n\t<img class=\"ms-thumb\" src=\"http:\/\/krinn-edv.de\/puzzles-online\/wp-content\/uploads\/2018\/09\/IMG_0140-100x80.png\" alt=\"\" \/>\n\t<div class=\"ms-thumb\" ><div class=\"ms-tab-context\"><div class=&quot;ms-tab-context&quot;><\/div><\/div>\n<\/div>\n\t\t\t\t<\/div>\n\t\t\t\t<div  class=\"ms-slide\" data-delay=\"3\" data-fill-mode=\"fill\"  >\n\t\t\t\t\t<img src=\"http:\/\/krinn-edv.de\/puzzles-online\/wp-content\/plugins\/master-slider\/public\/assets\/css\/blank.gif\" alt=\"\" title=\"\" data-src=\"http:\/\/krinn-edv.de\/puzzles-online\/wp-content\/uploads\/2018\/09\/IMG_0136-800x480.png\" \/>\n\n\n\t<img class=\"ms-thumb\" src=\"http:\/\/krinn-edv.de\/puzzles-online\/wp-content\/uploads\/2018\/09\/IMG_0136-100x80.png\" alt=\"\" \/>\n\t<div class=\"ms-thumb\" ><div class=\"ms-tab-context\"><div class=&quot;ms-tab-context&quot;><\/div><\/div>\n<\/div>\n\t\t\t\t<\/div>\n\n\t\t\t<\/div>\n\t\t\t<!-- END MasterSlider Main -->\n\n\t\t\t \n\t\t<\/div>\n\t\t<!-- END MasterSlider -->\n\n\t\t<script>\n\t\t(function ( $ ) {\n\t\t\t\"use strict\";\n\n\t\t\t$(function () {\n\t\t\t\tvar masterslider_adad = new MasterSlider();\n\n\t\t\t\t\/\/ slider controls\n\n\t\t\t\tmasterslider_adad.control('thumblist'  ,{ autohide:false, overVideo:true, dir:'v', speed:17, inset:false, arrows:false, hover:false, customClass:'', align:'right',type:'thumbs', margin:1, width:100, height:80, space:1, fillMode:'fill'  });\n\t\t\t\tmasterslider_adad.control('scrollbar'  ,{ autohide:true, overVideo:true, dir:'h', inset:true, align:'top', color:'#404040' , margin:10  , width:4 });\n\t\t\t\t\/\/ slider setup\n\t\t\t\tmasterslider_adad.setup(\"MS5b9fabbf0adad\", {\n\t\t\t\t\t\twidth           : 800,\n\t\t\t\t\t\theight          : 480,\n\t\t\t\t\t\tminHeight       : 0,\n\t\t\t\t\t\tspace           : 0,\n\t\t\t\t\t\tstart           : 1,\n\t\t\t\t\t\tgrabCursor      : true,\n\t\t\t\t\t\tswipe           : true,\n\t\t\t\t\t\tmouse           : true,\n\t\t\t\t\t\tlayout          : \"boxed\",\n\t\t\t\t\t\twheel           : false,\n\t\t\t\t\t\tautoplay        : true,\n\t\t\t\t\t\tinstantStartLayers:false,\n\t\t\t\t\t\tloop            : true,\n\t\t\t\t\t\tshuffle         : false,\n\t\t\t\t\t\tpreload         : 0,\n\t\t\t\t\t\theightLimit     : true,\n\t\t\t\t\t\tautoHeight      : true,\n\t\t\t\t\t\tsmoothHeight    : true,\n\t\t\t\t\t\tendPause        : false,\n\t\t\t\t\t\toverPause       : true,\n\t\t\t\t\t\tfillMode        : \"fill\",\n\t\t\t\t\t\tcenterControls  : false,\n\t\t\t\t\t\tstartOnAppear   : false,\n\t\t\t\t\t\tlayersMode      : \"center\",\n\t\t\t\t\t\thideLayers      : false,\n\t\t\t\t\t\tfullscreenMargin: 0,\n\t\t\t\t\t\tspeed           : 20,\n\t\t\t\t\t\tdir             : \"h\",\n\t\t\t\t\t\tparallaxMode    : 'swipe',\n\t\t\t\t\t\tview            : \"basic\"\n\t\t\t\t});\n\n\t\t\t\t\n\t\t\t\twindow.masterslider_instances = window.masterslider_instances || [];\n\t\t\t\twindow.masterslider_instances.push( masterslider_adad );\n\t\t\t });\n\n\t\t})(jQuery);\n\t\t<\/script>\n\n\n<h2><\/h2>\n<p>Lasst uns die sch\u00f6nen Sommerabende im Biergarten bei leckerem Essen und k\u00fchlen Getr\u00e4nken genie\u00dfen.<\/p>\n","protected":false},"excerpt":{"rendered":"<p>Der Biergarten ist zur Zeit geschlossen. Lasst uns die sch\u00f6nen Sommerabende im Biergarten bei leckerem Essen und k\u00fchlen Getr\u00e4nken genie\u00dfen.<\/p>\n","protected":false},"author":1,"featured_media":0,"parent":0,"menu_order":0,"comment_status":"closed","ping_status":"closed","template":"","meta":{"ngg_post_thumbnail":0,"Layout":""},"_links":{"self":[{"href":"http:\/\/krinn-edv.de\/puzzles-online\/wp-json\/wp\/v2\/pages\/123"}],"collection":[{"href":"http:\/\/krinn-edv.de\/puzzles-online\/wp-json\/wp\/v2\/pages"}],"about":[{"href":"http:\/\/krinn-edv.de\/puzzles-online\/wp-json\/wp\/v2\/types\/page"}],"author":[{"embeddable":true,"href":"http:\/\/krinn-edv.de\/puzzles-online\/wp-json\/wp\/v2\/users\/1"}],"replies":[{"embeddable":true,"href":"http:\/\/krinn-edv.de\/puzzles-online\/wp-json\/wp\/v2\/comments?post=123"}],"version-history":[{"count":20,"href":"http:\/\/krinn-edv.de\/puzzles-online\/wp-json\/wp\/v2\/pages\/123\/revisions"}],"predecessor-version":[{"id":1656,"href":"http:\/\/krinn-edv.de\/puzzles-online\/wp-json\/wp\/v2\/pages\/123\/revisions\/1656"}],"wp:attachment":[{"href":"http:\/\/krinn-edv.de\/puzzles-online\/wp-json\/wp\/v2\/media?parent=123"}],"curies":[{"name":"wp","href":"https:\/\/api.w.org\/{rel}","templated":true}]}}